{"id":2052,"date":"2023-06-02T05:01:43","date_gmt":"2023-06-02T05:01:43","guid":{"rendered":"https:\/\/mariamaboubakrine.com\/?page_id=2052"},"modified":"2023-09-26T04:55:31","modified_gmt":"2023-09-26T04:55:31","slug":"engagement-with-the-academic-sector","status":"publish","type":"page","link":"https:\/\/mariamaboubakrine.com\/fr\/engagement-with-the-academic-sector\/","title":{"rendered":"Engagement with the Academic Sector"},"content":{"rendered":"<div class=\"fusion-fullwidth fullwidth-box fusion-builder-row-1 fusion-flex-container has-pattern-background has-mask-background nonhundred-percent-fullwidth non-hundred-percent-height-scrolling\" style=\"--awb-background-position:center top;--awb-background-repeat:repeat-x;--awb-border-sizes-left:3vw;--awb-border-sizes-right:3vw;--awb-border-color:var(--awb-color1);--awb-border-radius-top-left:0px;--awb-border-radius-top-right:0px;--awb-border-radius-bottom-right:0px;--awb-border-radius-bottom-left:0px;--awb-padding-top:1vw;--awb-padding-right:7vw;--awb-padding-bottom:10vw;--awb-padding-left:7vw;--awb-padding-bottom-medium:8vw;--awb-padding-bottom-small:14vw;--awb-margin-bottom:0px;--awb-background-color:var(--awb-color7);--awb-flex-wrap:wrap;\" ><div class=\"fusion-builder-row fusion-row fusion-flex-align-items-center fusion-flex-content-wrap\" style=\"max-width:calc( 1300px + 7vw );margin-left: calc(-7vw \/ 2 );margin-right: calc(-7vw \/ 2 );\"><div class=\"fusion-layout-column fusion_builder_column fusion-builder-column-0 fusion_builder_column_1_1 1_1 fusion-flex-column fusion-animated\" style=\"--awb-bg-size:cover;--awb-width-large:100%;--awb-margin-top-large:0px;--awb-spacing-right-large:calc( 0.05 * calc( 100% - 7vw ) );--awb-margin-bottom-large:0px;--awb-spacing-left-large:3.5vw;--awb-width-medium:100%;--awb-spacing-right-medium:calc( 0.05 * calc( 100% - 7vw ) );--awb-spacing-left-medium:3.5vw;--awb-width-small:100%;--awb-spacing-right-small:3.5vw;--awb-margin-bottom-small:9vw;--awb-spacing-left-small:3.5vw;\" data-animationtype=\"fadeInUp\" data-animationduration=\"1.3\" data-animationoffset=\"top-into-view\"><div class=\"fusion-column-wrapper fusion-column-has-shadow fusion-flex-justify-content-center fusion-content-layout-column\"><div class=\"fusion-text fusion-text-1\" style=\"--awb-content-alignment:left;--awb-font-size:17px;--awb-text-color:var(--awb-color1);\"><p style=\"font-weight: 400;\">Mariam is regularly invited to give lectures to contribute seminars or be a panelists to several academic institutions including University of Alberta Faculty of Agricultural, Life &amp;Environmental sciences (<a href=\"https:\/\/www.ualberta.ca\/agriculture-life-environment-sciences\/news-and-events\/ron-ball-lecture.html\">2021<\/a>), Harvard Wheatherhead Center for international Affairs and the Carr Centre for Human Rights (<a href=\"https:\/\/programs.wcfia.harvard.edu\/canada_program\/search\/site\/Mariam%20Wallet%20aboubakrine?&amp;solrsort=%20\">2019<\/a> and <a href=\"https:\/\/carrcenter.hks.harvard.edu\/event\/indigenous-women-convening-peace-justice-and-reconciliation\">2021<\/a>), University of British Columbia (<a href=\"https:\/\/strategicplan.ubc.ca\/4th-annual-john-p-bell-global-indigenous-rights-lecture-lecture-by-dr-mariam-wallet-aboubakrine\/\">2020<\/a> and 2021), University of Ottawa (<a href=\"https:\/\/docs.google.com\/document\/d\/1DzZKg6Gvps3ywQhqPp6kbv-BTvL4PVrCC1zY6-6DWrI\/edit\">2021<\/a>) Columbia University( <a href=\"http:\/\/humanrightscolumbia.org\/sites\/default\/files\/pdf\/indigenous_languages_symposium_program%20_2018.pdf\">2018<\/a> and <a href=\"http:\/\/humanrightscolumbia.org\/sites\/default\/files\/pdf\/indigenous_symposium_program%20_2018.pdf\">2018<\/a>) University of Manitoba (<a href=\"https:\/\/news.umanitoba.ca\/un-indigenous-declaration-starting-to-change-lives\/\">2019<\/a>) University of Albania (<a href=\"https:\/\/twitter.com\/IGI_UAlbany\/status\/984810343749832704\">2018<\/a>) McGill University (<a href=\"https:\/\/www.ohchr.org\/Documents\/Issues\/IPeoples\/EMRIP\/Health\/Agenda.pdf\">2016<\/a> and <a href=\"https:\/\/www.mcgill.ca\/channels\/channels\/event\/recent-developments-un-permanent-forum-indigenous-issues-276794\">2017<\/a>), University of Quebec in Outaouais (<a href=\"https:\/\/www.google.com\/search?client=safari&amp;rls=en&amp;q=University+of+Albania+UN+permanent+forum&amp;ie=UTF-8&amp;oe=UTF-8\">2018<\/a>) University of Helsinki (<a href=\"https:\/\/www.helsinki.fi\/sites\/default\/files\/atoms\/files\/mariam_wallet.pdf\">2017<\/a>) where she also serves as board member of the <a href=\"https:\/\/www.ciera.ulaval.ca\/membres\/membres-emerites-et-honoraires\">International Centre for research and Indigenous studies<\/a>.<\/p>\n<p style=\"font-weight: 400;\">Mariam also mentored undergraduate and graduate students including from Harvard medical school, McGill Medical school, Full-bright US-Brazil Global health, University of Alaska law school, Laval University, Faculty of Law of the University of Ottawa, etc.<\/p>\n<\/div><\/div><\/div><\/div><\/div>","protected":false},"excerpt":{"rendered":"","protected":false},"author":1,"featured_media":2031,"parent":0,"menu_order":0,"comment_status":"closed","ping_status":"closed","template":"100-width.php","meta":{"content-type":"","footnotes":""},"class_list":["post-2052","page","type-page","status-publish","has-post-thumbnail","hentry"],"yoast_head":"<!-- This site is optimized with the Yoast SEO plugin v27.0 - https:\/\/yoast.com\/product\/yoast-seo-wordpress\/ -->\n<title>Engagement with the Academic Sector - Mariam Wallet Aboubakrine<\/title>\n<meta name=\"robots\" content=\"index, follow, max-snippet:-1, max-image-preview:large, max-video-preview:-1\" \/>\n<link rel=\"canonical\" href=\"https:\/\/mariamaboubakrine.com\/fr\/engagement-with-the-academic-sector\/\" \/>\n<meta property=\"og:locale\" content=\"fr_FR\" \/>\n<meta property=\"og:type\" content=\"article\" \/>\n<meta property=\"og:title\" content=\"Engagement with the Academic Sector - Mariam Wallet Aboubakrine\" \/>\n<meta property=\"og:url\" content=\"https:\/\/mariamaboubakrine.com\/fr\/engagement-with-the-academic-sector\/\" \/>\n<meta property=\"og:site_name\" content=\"Mariam Wallet Aboubakrine\" \/>\n<meta property=\"article:publisher\" content=\"https:\/\/www.facebook.com\/LallaWS\" \/>\n<meta property=\"article:modified_time\" content=\"2023-09-26T04:55:31+00:00\" \/>\n<meta property=\"og:image\" content=\"https:\/\/mariamaboubakrine.com\/wp-content\/uploads\/2023\/06\/In-International-Engagement-scaled.jpg\" \/>\n\t<meta property=\"og:image:width\" content=\"2560\" \/>\n\t<meta property=\"og:image:height\" content=\"1708\" \/>\n\t<meta property=\"og:image:type\" content=\"image\/jpeg\" \/>\n<meta name=\"twitter:card\" content=\"summary_large_image\" \/>\n<meta name=\"twitter:site\" content=\"@MAboubakrine\" \/>\n<meta name=\"twitter:label1\" content=\"Dur\u00e9e de lecture estim\u00e9e\" \/>\n\t<meta name=\"twitter:data1\" content=\"2 minutes\" \/>\n<script type=\"application\/ld+json\" class=\"yoast-schema-graph\">{\"@context\":\"https:\/\/schema.org\",\"@graph\":[{\"@type\":\"WebPage\",\"@id\":\"https:\/\/mariamaboubakrine.com\/engagement-with-the-academic-sector\/\",\"url\":\"https:\/\/mariamaboubakrine.com\/engagement-with-the-academic-sector\/\",\"name\":\"Engagement with the Academic Sector - Mariam Wallet Aboubakrine\",\"isPartOf\":{\"@id\":\"https:\/\/mariamaboubakrine.com\/#website\"},\"primaryImageOfPage\":{\"@id\":\"https:\/\/mariamaboubakrine.com\/engagement-with-the-academic-sector\/#primaryimage\"},\"image\":{\"@id\":\"https:\/\/mariamaboubakrine.com\/engagement-with-the-academic-sector\/#primaryimage\"},\"thumbnailUrl\":\"https:\/\/mariamaboubakrine.com\/wp-content\/uploads\/2023\/06\/In-International-Engagement-scaled.jpg\",\"datePublished\":\"2023-06-02T05:01:43+00:00\",\"dateModified\":\"2023-09-26T04:55:31+00:00\",\"breadcrumb\":{\"@id\":\"https:\/\/mariamaboubakrine.com\/engagement-with-the-academic-sector\/#breadcrumb\"},\"inLanguage\":\"fr-FR\",\"potentialAction\":[{\"@type\":\"ReadAction\",\"target\":[\"https:\/\/mariamaboubakrine.com\/engagement-with-the-academic-sector\/\"]}]},{\"@type\":\"ImageObject\",\"inLanguage\":\"fr-FR\",\"@id\":\"https:\/\/mariamaboubakrine.com\/engagement-with-the-academic-sector\/#primaryimage\",\"url\":\"https:\/\/mariamaboubakrine.com\/wp-content\/uploads\/2023\/06\/In-International-Engagement-scaled.jpg\",\"contentUrl\":\"https:\/\/mariamaboubakrine.com\/wp-content\/uploads\/2023\/06\/In-International-Engagement-scaled.jpg\",\"width\":2560,\"height\":1708,\"caption\":\"Panel discussion on \u00d2A Decade in Review: Achieving the Rights of Indigenous Peoples\u00d3 (on the occasion of the International Day of the World\u00d5s Indigenous Peoples and the tenth anniversary of the United Nations Declaration on the Rights of Indigenous Peoples (UNDRIP))\"},{\"@type\":\"BreadcrumbList\",\"@id\":\"https:\/\/mariamaboubakrine.com\/engagement-with-the-academic-sector\/#breadcrumb\",\"itemListElement\":[{\"@type\":\"ListItem\",\"position\":1,\"name\":\"Home\",\"item\":\"https:\/\/mariamaboubakrine.com\/\"},{\"@type\":\"ListItem\",\"position\":2,\"name\":\"Engagement with the Academic Sector\"}]},{\"@type\":\"WebSite\",\"@id\":\"https:\/\/mariamaboubakrine.com\/#website\",\"url\":\"https:\/\/mariamaboubakrine.com\/\",\"name\":\"Mariam Wallet Aboubakrine\",\"description\":\"Personal Website\",\"publisher\":{\"@id\":\"https:\/\/mariamaboubakrine.com\/#\/schema\/person\/0a44738cc1325e967a8c993263cbb916\"},\"potentialAction\":[{\"@type\":\"SearchAction\",\"target\":{\"@type\":\"EntryPoint\",\"urlTemplate\":\"https:\/\/mariamaboubakrine.com\/?s={search_term_string}\"},\"query-input\":{\"@type\":\"PropertyValueSpecification\",\"valueRequired\":true,\"valueName\":\"search_term_string\"}}],\"inLanguage\":\"fr-FR\"},{\"@type\":[\"Person\",\"Organization\"],\"@id\":\"https:\/\/mariamaboubakrine.com\/#\/schema\/person\/0a44738cc1325e967a8c993263cbb916\",\"name\":\"Mariam Wallet Aboubakrine\",\"image\":{\"@type\":\"ImageObject\",\"inLanguage\":\"fr-FR\",\"@id\":\"https:\/\/mariamaboubakrine.com\/#\/schema\/person\/image\/\",\"url\":\"https:\/\/mariamaboubakrine.com\/wp-content\/uploads\/2023\/06\/EC33296B-626D-4E0D-B534-6B8FDD5F043B.jpeg\",\"contentUrl\":\"https:\/\/mariamaboubakrine.com\/wp-content\/uploads\/2023\/06\/EC33296B-626D-4E0D-B534-6B8FDD5F043B.jpeg\",\"width\":645,\"height\":742,\"caption\":\"Mariam Wallet Aboubakrine\"},\"logo\":{\"@id\":\"https:\/\/mariamaboubakrine.com\/#\/schema\/person\/image\/\"},\"sameAs\":[\"https:\/\/www.facebook.com\/LallaWS\",\"https:\/\/x.com\/MAboubakrine\"]}]}<\/script>\n<!-- \/ Yoast SEO plugin. -->","yoast_head_json":{"title":"Engagement with the Academic Sector - Mariam Wallet Aboubakrine","robots":{"index":"index","follow":"follow","max-snippet":"max-snippet:-1","max-image-preview":"max-image-preview:large","max-video-preview":"max-video-preview:-1"},"canonical":"https:\/\/mariamaboubakrine.com\/fr\/engagement-with-the-academic-sector\/","og_locale":"fr_FR","og_type":"article","og_title":"Engagement with the Academic Sector - Mariam Wallet Aboubakrine","og_url":"https:\/\/mariamaboubakrine.com\/fr\/engagement-with-the-academic-sector\/","og_site_name":"Mariam Wallet Aboubakrine","article_publisher":"https:\/\/www.facebook.com\/LallaWS","article_modified_time":"2023-09-26T04:55:31+00:00","og_image":[{"width":2560,"height":1708,"url":"https:\/\/mariamaboubakrine.com\/wp-content\/uploads\/2023\/06\/In-International-Engagement-scaled.jpg","type":"image\/jpeg"}],"twitter_card":"summary_large_image","twitter_site":"@MAboubakrine","twitter_misc":{"Dur\u00e9e de lecture estim\u00e9e":"2 minutes"},"schema":{"@context":"https:\/\/schema.org","@graph":[{"@type":"WebPage","@id":"https:\/\/mariamaboubakrine.com\/engagement-with-the-academic-sector\/","url":"https:\/\/mariamaboubakrine.com\/engagement-with-the-academic-sector\/","name":"Engagement with the Academic Sector - Mariam Wallet Aboubakrine","isPartOf":{"@id":"https:\/\/mariamaboubakrine.com\/#website"},"primaryImageOfPage":{"@id":"https:\/\/mariamaboubakrine.com\/engagement-with-the-academic-sector\/#primaryimage"},"image":{"@id":"https:\/\/mariamaboubakrine.com\/engagement-with-the-academic-sector\/#primaryimage"},"thumbnailUrl":"https:\/\/mariamaboubakrine.com\/wp-content\/uploads\/2023\/06\/In-International-Engagement-scaled.jpg","datePublished":"2023-06-02T05:01:43+00:00","dateModified":"2023-09-26T04:55:31+00:00","breadcrumb":{"@id":"https:\/\/mariamaboubakrine.com\/engagement-with-the-academic-sector\/#breadcrumb"},"inLanguage":"fr-FR","potentialAction":[{"@type":"ReadAction","target":["https:\/\/mariamaboubakrine.com\/engagement-with-the-academic-sector\/"]}]},{"@type":"ImageObject","inLanguage":"fr-FR","@id":"https:\/\/mariamaboubakrine.com\/engagement-with-the-academic-sector\/#primaryimage","url":"https:\/\/mariamaboubakrine.com\/wp-content\/uploads\/2023\/06\/In-International-Engagement-scaled.jpg","contentUrl":"https:\/\/mariamaboubakrine.com\/wp-content\/uploads\/2023\/06\/In-International-Engagement-scaled.jpg","width":2560,"height":1708,"caption":"Panel discussion on \u00d2A Decade in Review: Achieving the Rights of Indigenous Peoples\u00d3 (on the occasion of the International Day of the World\u00d5s Indigenous Peoples and the tenth anniversary of the United Nations Declaration on the Rights of Indigenous Peoples (UNDRIP))"},{"@type":"BreadcrumbList","@id":"https:\/\/mariamaboubakrine.com\/engagement-with-the-academic-sector\/#breadcrumb","itemListElement":[{"@type":"ListItem","position":1,"name":"Home","item":"https:\/\/mariamaboubakrine.com\/"},{"@type":"ListItem","position":2,"name":"Engagement with the Academic Sector"}]},{"@type":"WebSite","@id":"https:\/\/mariamaboubakrine.com\/#website","url":"https:\/\/mariamaboubakrine.com\/","name":"Mariam Wallet Aboubakrine","description":"Personal Website","publisher":{"@id":"https:\/\/mariamaboubakrine.com\/#\/schema\/person\/0a44738cc1325e967a8c993263cbb916"},"potentialAction":[{"@type":"SearchAction","target":{"@type":"EntryPoint","urlTemplate":"https:\/\/mariamaboubakrine.com\/?s={search_term_string}"},"query-input":{"@type":"PropertyValueSpecification","valueRequired":true,"valueName":"search_term_string"}}],"inLanguage":"fr-FR"},{"@type":["Person","Organization"],"@id":"https:\/\/mariamaboubakrine.com\/#\/schema\/person\/0a44738cc1325e967a8c993263cbb916","name":"Mariam Wallet Aboubakrine","image":{"@type":"ImageObject","inLanguage":"fr-FR","@id":"https:\/\/mariamaboubakrine.com\/#\/schema\/person\/image\/","url":"https:\/\/mariamaboubakrine.com\/wp-content\/uploads\/2023\/06\/EC33296B-626D-4E0D-B534-6B8FDD5F043B.jpeg","contentUrl":"https:\/\/mariamaboubakrine.com\/wp-content\/uploads\/2023\/06\/EC33296B-626D-4E0D-B534-6B8FDD5F043B.jpeg","width":645,"height":742,"caption":"Mariam Wallet Aboubakrine"},"logo":{"@id":"https:\/\/mariamaboubakrine.com\/#\/schema\/person\/image\/"},"sameAs":["https:\/\/www.facebook.com\/LallaWS","https:\/\/x.com\/MAboubakrine"]}]}},"jetpack_sharing_enabled":true,"_links":{"self":[{"href":"https:\/\/mariamaboubakrine.com\/fr\/wp-json\/wp\/v2\/pages\/2052","targetHints":{"allow":["GET"]}}],"collection":[{"href":"https:\/\/mariamaboubakrine.com\/fr\/wp-json\/wp\/v2\/pages"}],"about":[{"href":"https:\/\/mariamaboubakrine.com\/fr\/wp-json\/wp\/v2\/types\/page"}],"author":[{"embeddable":true,"href":"https:\/\/mariamaboubakrine.com\/fr\/wp-json\/wp\/v2\/users\/1"}],"replies":[{"embeddable":true,"href":"https:\/\/mariamaboubakrine.com\/fr\/wp-json\/wp\/v2\/comments?post=2052"}],"version-history":[{"count":6,"href":"https:\/\/mariamaboubakrine.com\/fr\/wp-json\/wp\/v2\/pages\/2052\/revisions"}],"predecessor-version":[{"id":2185,"href":"https:\/\/mariamaboubakrine.com\/fr\/wp-json\/wp\/v2\/pages\/2052\/revisions\/2185"}],"wp:featuredmedia":[{"embeddable":true,"href":"https:\/\/mariamaboubakrine.com\/fr\/wp-json\/wp\/v2\/media\/2031"}],"wp:attachment":[{"href":"https:\/\/mariamaboubakrine.com\/fr\/wp-json\/wp\/v2\/media?parent=2052"}],"curies":[{"name":"wp","href":"https:\/\/api.w.org\/{rel}","templated":true}]}}